{"id":2506,"date":"2025-01-31T17:25:44","date_gmt":"2025-01-31T16:25:44","guid":{"rendered":"https:\/\/alead.ch\/?page_id=2506"},"modified":"2025-02-03T21:40:15","modified_gmt":"2025-02-03T20:40:15","slug":"leads-assurance-automobile","status":"publish","type":"page","link":"https:\/\/alead.ch\/fr\/solutions\/leads-assurance\/leads-assurance-automobile\/","title":{"rendered":"Leads pour l&rsquo;assurance automobile"},"content":{"rendered":"\t\t<div data-elementor-type=\"wp-page\" data-elementor-id=\"2506\" class=\"elementor elementor-2506 elementor-2503\">\n\t\t\t\t<div class=\"elementor-element elementor-element-382971b e-flex e-con-boxed e-con e-parent\" data-id=\"382971b\" data-element_type=\"container\" data-e-type=\"container\" data-settings=\"{&quot;background_background&quot;:&quot;classic&quot;}\">\n\t\t\t\t\t<div class=\"e-con-inner\">\n\t\t\t\t<div class=\"elementor-element elementor-element-6ca46dbd elementor-absolute e-transform elementor-widget elementor-widget-wpml-language-switcher\" data-id=\"6ca46dbd\" data-element_type=\"widget\" data-e-type=\"widget\" data-settings=\"{&quot;_position&quot;:&quot;absolute&quot;,&quot;_transform_scale_effect&quot;:{&quot;unit&quot;:&quot;px&quot;,&quot;size&quot;:1.2,&quot;sizes&quot;:[]},&quot;_transform_scale_effect_tablet&quot;:{&quot;unit&quot;:&quot;px&quot;,&quot;size&quot;:&quot;&quot;,&quot;sizes&quot;:[]},&quot;_transform_scale_effect_mobile&quot;:{&quot;unit&quot;:&quot;px&quot;,&quot;size&quot;:&quot;&quot;,&quot;sizes&quot;:[]}}\" data-widget_type=\"wpml-language-switcher.default\">\n\t\t\t\t<div class=\"elementor-widget-container\">\n\t\t\t\t\t<div class=\"wpml-elementor-ls\">\n<div role=\"navigation\" aria-label=\"S\u00e9lecteur de langue\" class=\"wpml-ls-statics-shortcode_actions wpml-ls wpml-ls-legacy-list-horizontal\">\n\t<ul><li class=\"wpml-ls-slot-shortcode_actions wpml-ls-item wpml-ls-item-de wpml-ls-first-item wpml-ls-item-legacy-list-horizontal\">\n\t\t\t\t<a href=\"https:\/\/alead.ch\/de\/\" hreflang=\"de\" lang=\"de\" class=\"wpml-ls-link\" aria-label=\"Passer \u00e0 Allemand\" title=\"Passer \u00e0 Allemand\">\n\t\t\t\t\t                                    <img decoding=\"async\"\n            class=\"wpml-ls-flag lazyload\"\n            data-src=\"https:\/\/alead.ch\/wp-content\/plugins\/sitepress-multilingual-cms\/res\/flags\/de.svg\"\n            alt=\"Allemand\"\n           \n            width=18\n            height=12\n src=\"data:image\/svg+xml;base64,PHN2ZyB3aWR0aD0iMSIgaGVpZ2h0PSIxIiB4bWxucz0iaHR0cDovL3d3dy53My5vcmcvMjAwMC9zdmciPjwvc3ZnPg==\" \/><\/a>\n\t\t\t<\/li><li class=\"wpml-ls-slot-shortcode_actions wpml-ls-item wpml-ls-item-fr wpml-ls-current-language wpml-ls-item-legacy-list-horizontal\">\n\t\t\t\t<a href=\"https:\/\/alead.ch\/fr\/\" hreflang=\"fr\" lang=\"fr\" class=\"wpml-ls-link\" aria-current=\"page\" aria-label=\"Passer \u00e0 Fran\u00e7ais\" title=\"Passer \u00e0 Fran\u00e7ais\">\n\t\t\t\t\t                                    <img decoding=\"async\"\n            class=\"wpml-ls-flag lazyload\"\n            data-src=\"https:\/\/alead.ch\/wp-content\/plugins\/sitepress-multilingual-cms\/res\/flags\/fr.svg\"\n            alt=\"Fran\u00e7ais\"\n           \n            width=18\n            height=12\n src=\"data:image\/svg+xml;base64,PHN2ZyB3aWR0aD0iMSIgaGVpZ2h0PSIxIiB4bWxucz0iaHR0cDovL3d3dy53My5vcmcvMjAwMC9zdmciPjwvc3ZnPg==\" \/><\/a>\n\t\t\t<\/li><li class=\"wpml-ls-slot-shortcode_actions wpml-ls-item wpml-ls-item-en wpml-ls-item-legacy-list-horizontal\">\n\t\t\t\t<a href=\"https:\/\/alead.ch\/\" hreflang=\"en\" lang=\"en\" class=\"wpml-ls-link\" aria-label=\"Passer \u00e0 Anglais\" title=\"Passer \u00e0 Anglais\">\n\t\t\t\t\t                                    <img decoding=\"async\"\n            class=\"wpml-ls-flag lazyload\"\n            data-src=\"https:\/\/alead.ch\/wp-content\/plugins\/sitepress-multilingual-cms\/res\/flags\/en.svg\"\n            alt=\"Anglais\"\n           \n            width=18\n            height=12\n src=\"data:image\/svg+xml;base64,PHN2ZyB3aWR0aD0iMSIgaGVpZ2h0PSIxIiB4bWxucz0iaHR0cDovL3d3dy53My5vcmcvMjAwMC9zdmciPjwvc3ZnPg==\" \/><\/a>\n\t\t\t<\/li><li class=\"wpml-ls-slot-shortcode_actions wpml-ls-item wpml-ls-item-es wpml-ls-last-item wpml-ls-item-legacy-list-horizontal\">\n\t\t\t\t<a href=\"https:\/\/alead.ch\/es\/\" hreflang=\"es\" lang=\"es\" class=\"wpml-ls-link\" aria-label=\"Passer \u00e0 Espagnol\" title=\"Passer \u00e0 Espagnol\">\n\t\t\t\t\t                                    <img decoding=\"async\"\n            class=\"wpml-ls-flag lazyload\"\n            data-src=\"https:\/\/alead.ch\/wp-content\/plugins\/sitepress-multilingual-cms\/res\/flags\/es.svg\"\n            alt=\"Espagnol\"\n           \n            width=18\n            height=12\n src=\"data:image\/svg+xml;base64,PHN2ZyB3aWR0aD0iMSIgaGVpZ2h0PSIxIiB4bWxucz0iaHR0cDovL3d3dy53My5vcmcvMjAwMC9zdmciPjwvc3ZnPg==\" \/><\/a>\n\t\t\t<\/li><\/ul>\n<\/div>\n<\/div>\t\t\t\t<\/div>\n\t\t\t\t<\/div>\n\t\t\t\t\t<\/div>\n\t\t\t\t<\/div>\n\t\t\t\t<section class=\"elementor-section elementor-top-section elementor-element elementor-element-3963003 elementor-section-boxed elementor-section-height-default elementor-section-height-default\" data-id=\"3963003\" data-element_type=\"section\" data-e-type=\"section\" data-settings=\"{&quot;background_background&quot;:&quot;classic&quot;}\">\n\t\t\t\t\t\t\t<div class=\"elementor-background-overlay\"><\/div>\n\t\t\t\t\t\t\t<div class=\"elementor-container elementor-column-gap-default\">\n\t\t\t\t\t<div class=\"elementor-column elementor-col-100 elementor-top-column elementor-element elementor-element-141f798\" data-id=\"141f798\" data-element_type=\"column\" data-e-type=\"column\">\n\t\t\t<div class=\"elementor-widget-wrap elementor-element-populated\">\n\t\t\t\t\t\t<div class=\"elementor-element elementor-element-0cbede4 elementor-widget elementor-widget-heading\" data-id=\"0cbede4\" data-element_type=\"widget\" data-e-type=\"widget\" data-widget_type=\"heading.default\">\n\t\t\t\t<div class=\"elementor-widget-container\">\n\t\t\t\t\t<h6 class=\"elementor-heading-title elementor-size-default\">info<\/h6>\t\t\t\t<\/div>\n\t\t\t\t<\/div>\n\t\t\t\t<div class=\"elementor-element elementor-element-3f08464 elementor-widget elementor-widget-heading\" data-id=\"3f08464\" data-element_type=\"widget\" data-e-type=\"widget\" data-widget_type=\"heading.default\">\n\t\t\t\t<div class=\"elementor-widget-container\">\n\t\t\t\t\t<h1 class=\"elementor-heading-title elementor-size-default\">Assurance auto <br>leads<\/h1>\t\t\t\t<\/div>\n\t\t\t\t<\/div>\n\t\t\t\t\t<\/div>\n\t\t<\/div>\n\t\t\t\t\t<\/div>\n\t\t<\/section>\n\t\t<div class=\"elementor-element elementor-element-db549c6 e-flex e-con-boxed e-con e-parent\" data-id=\"db549c6\" data-element_type=\"container\" data-e-type=\"container\" data-settings=\"{&quot;background_background&quot;:&quot;classic&quot;}\">\n\t\t\t\t\t<div class=\"e-con-inner\">\n\t\t\t\t<div class=\"elementor-element elementor-element-bc5c20b elementor-widget elementor-widget-shortcode\" data-id=\"bc5c20b\" data-element_type=\"widget\" data-e-type=\"widget\" data-widget_type=\"shortcode.default\">\n\t\t\t\t<div class=\"elementor-widget-container\">\n\t\t\t\t\t\t\t<div class=\"elementor-shortcode\"><p> \t\t\t<!-- Flexy Breadcrumb --><\/p>\n<div class=\"fbc fbc-page\">\n<p>\t\t\t\t<!-- Breadcrumb wrapper --><\/p>\n<div class=\"fbc-wrap\">\n<p>\t\t\t\t\t<!-- Ordered list--><\/p>\n<ol class=\"fbc-items\" itemscope itemtype=\"https:\/\/schema.org\/BreadcrumbList\">\n<li itemprop=\"itemListElement\" itemscope itemtype=\"https:\/\/schema.org\/ListItem\">\n                <span itemprop=\"name\"><br \/>\n                    <!-- Home Link --><br \/>\n                    <a itemprop=\"item\" href=\"https:\/\/alead.ch\"><\/p>\n<p>                        Home                    <\/a><br \/>\n                <\/span><br \/>\n                <meta itemprop=\"position\" content=\"1\" \/><!-- Meta Position-->\n             <\/li>\n<li><span class=\"fbc-separator\">|<\/span><\/li>\n<li class=\"active\" itemprop=\"itemListElement\" itemscope itemtype=\"https:\/\/schema.org\/ListItem\"><span itemprop=\"name\" title=\"Leads pour l&rsquo;assurance automobile\">Leads pour l&rsquo;assurance automobile<\/span><meta itemprop=\"position\" content=\"2\" \/><\/li>\n<\/ol>\n<div class=\"clearfix\"><\/div>\n<\/p><\/div>\n<\/p><\/div>\n<\/div>\n\t\t\t\t\t\t<\/div>\n\t\t\t\t<\/div>\n\t\t\t\t\t<\/div>\n\t\t\t\t<\/div>\n\t\t\t\t<section class=\"elementor-section elementor-top-section elementor-element elementor-element-bbec7b8 elementor-section-content-middle elementor-section-boxed elementor-section-height-default elementor-section-height-default\" data-id=\"bbec7b8\" data-element_type=\"section\" data-e-type=\"section\" data-settings=\"{&quot;background_background&quot;:&quot;classic&quot;}\">\n\t\t\t\t\t\t\t<div class=\"elementor-background-overlay\"><\/div>\n\t\t\t\t\t\t\t<div class=\"elementor-container elementor-column-gap-default\">\n\t\t\t\t\t<div class=\"elementor-column elementor-col-100 elementor-top-column elementor-element elementor-element-5faa9f9\" data-id=\"5faa9f9\" data-element_type=\"column\" data-e-type=\"column\" data-settings=\"{&quot;background_background&quot;:&quot;classic&quot;}\">\n\t\t\t<div class=\"elementor-widget-wrap elementor-element-populated\">\n\t\t\t\t\t\t<div class=\"elementor-element elementor-element-5ce848e elementor-widget__width-initial elementor-widget elementor-widget-text-editor\" data-id=\"5ce848e\" data-element_type=\"widget\" data-e-type=\"widget\" data-widget_type=\"text-editor.default\">\n\t\t\t\t<div class=\"elementor-widget-container\">\n\t\t\t\t\t\t\t\t\t<h1>Leads pour l&rsquo;assurance automobile : D\u00e9veloppez votre portefeuille d&rsquo;assurance plus rapidement<\/h1>\n<p>Les <strong>clients potentiels de l&rsquo;assurance automobile<\/strong> sont la force motrice d&rsquo;un portefeuille de couvertures automobiles r\u00e9ussies.<br>Que vos clients soient de nouveaux conducteurs, des propri\u00e9taires de v\u00e9hicules \u00e0 long terme ou des propri\u00e9taires d&rsquo;entreprises g\u00e9rant plusieurs v\u00e9hicules, l&rsquo;exploitation d&rsquo;un flux r\u00e9gulier de clients potentiels qualifi\u00e9s est essentielle \u00e0 une croissance soutenue et \u00e0 de solides relations avec les clients.<\/p>\n<h2>&nbsp;<\/h2>\n<h2>Qu&rsquo;est-ce qu&rsquo;un prospect d&rsquo;assurance automobile?<\/h2>\n<p>Ces clients potentiels repr\u00e9sentent des individus ou des organisations qui explorent les options d&rsquo;assurance automobile pour leurs besoins personnels ou commerciaux (<br>). Qu&rsquo;il s&rsquo;agisse d&rsquo;une assurance responsabilit\u00e9 civile standard ou d&rsquo;une assurance tous risques assortie d&rsquo;avantages suppl\u00e9mentaires,<br>les besoins de chaque client potentiel peuvent varier consid\u00e9rablement. L&rsquo;identification et le suivi de ces prospects vous permettent de leur proposer<br>des polices adapt\u00e9es \u00e0 leurs habitudes de conduite, \u00e0 leur budget et \u00e0 leurs exigences en mati\u00e8re de s\u00e9curit\u00e9.<\/p>\n<h2>&nbsp;<\/h2>\n<h2>M\u00e9thodes efficaces pour attirer des prospects de haute qualit\u00e9 pour l&rsquo;assurance automobile<\/h2>\n<ul>\n<li><strong>Campagnes num\u00e9riques cibl\u00e9es :<\/strong> Exploitez les m\u00e9dias sociaux et les annonces de paiement au clic (PPC)<br>pour atteindre les consommateurs \u00e0 des moments cl\u00e9s &#8211; comme l&rsquo;achat d&rsquo;un nouveau v\u00e9hicule ou le renouvellement d&rsquo;une police d&rsquo;assurance existante.<\/li>\n<li><strong>Contenu \u00e9ducatif :<\/strong> Proposez des articles de blog ou des vid\u00e9os expliquant les franchises, l&rsquo;assurance collision par rapport \u00e0 l&rsquo;assurance tous risques (<br>) et les r\u00e9ductions pour conduite prudente. Ces ressources renforcent la confiance et mettent en valeur votre expertise.<\/li>\n<li><strong>Partenariats locaux :<\/strong> Collaborez avec des concessionnaires automobiles, des centres d&rsquo;entretien automobile ou des \u00e9coles de conduite (<br>) afin d&rsquo;obtenir des contacts aupr\u00e8s de leur client\u00e8le.<\/li>\n<li><strong>Incitations \u00e0 la recommandation :<\/strong> Encouragez les assur\u00e9s actuels \u00e0 recommander des amis ou des membres de leur famille<br>\u00e0 la recherche d&rsquo;un nouveau prestataire, en les r\u00e9compensant pour les conversions r\u00e9ussies.<\/li>\n<\/ul>\n<h2>&nbsp;<\/h2>\n<h2>Pourquoi se concentrer sur les prospects de l&rsquo;assurance automobile?<\/h2>\n<p>Donner la priorit\u00e9 aux <em>prospects de l&rsquo;assurance automobile<\/em> permet non seulement d&rsquo;\u00e9largir votre client\u00e8le, mais aussi d&rsquo;\u00e9tablir<br>une r\u00e9putation positive aupr\u00e8s des automobilistes. Une <strong>strat\u00e9gie<\/strong> pr\u00e9cise <strong>de g\u00e9n\u00e9ration de leads<\/strong> vous permet<br>d&rsquo;entrer directement en contact avec les personnes qui ont besoin d&rsquo;une couverture, de maximiser l&rsquo;impact de votre budget marketing<br>et d&rsquo;am\u00e9liorer les taux de conversion.<\/p>\n<h2>&nbsp;<\/h2>\n<h2>Devriez-vous externaliser la g\u00e9n\u00e9ration de leads pour votre assurance automobile?<\/h2>\n<p>Faire \u00e9quipe avec une agence sp\u00e9cialis\u00e9e peut consid\u00e9rablement rationaliser votre processus d&rsquo;acquisition. Voici comment l&rsquo;externalisation de<br>peut acc\u00e9l\u00e9rer les r\u00e9sultats :<\/p>\n<ul>\n<li><strong>Expertise du secteur :<\/strong> Des professionnels externes suivent souvent les derni\u00e8res tendances, les r\u00e9glementations locales<br>et les comportements des utilisateurs pour que vos campagnes restent pertinentes et efficaces.<\/li>\n<li><strong>\u00c9volutivit\u00e9 :<\/strong> Au fur et \u00e0 mesure que votre entreprise se d\u00e9veloppe ou p\u00e9n\u00e8tre de nouveaux march\u00e9s, un partenaire externe (<br>) peut rapidement adapter les campagnes et les ressources sans alourdir votre \u00e9quipe interne.<\/li>\n<li><strong>Analyse avanc\u00e9e :<\/strong> De nombreuses agences utilisent des m\u00e9thodologies bas\u00e9es sur les donn\u00e9es et des outils CRM robustes (<br>) qui am\u00e9liorent le ciblage, le suivi et les taux de conversion globaux.<\/li>\n<li><strong>Un retour sur investissement plus rapide :<\/strong> En s&rsquo;appuyant sur des processus \u00e9prouv\u00e9s, l&rsquo;externalisation de la g\u00e9n\u00e9ration de leads peut<br>produire rapidement des r\u00e9sultats et vous permettre de vous concentrer sur la gestion des contrats et le suivi des clients.<\/li>\n<\/ul>\n<h2>&nbsp;<\/h2>\n<h2>Diverses leads d&rsquo;assurance automobile que nous traitons<\/h2>\n<p>Qu&rsquo;il s&rsquo;agisse de conducteurs ordinaires ou de segments de niche, nous avons aid\u00e9 les assureurs \u00e0 entrer en contact avec des clients potentiels \u00e0 la recherche d&rsquo;un emploi :<\/p>\n<ul>\n<li>Assurance auto personnelle standard<\/li>\n<li>Assurance \u00e0 haut risque ou SR-22<\/li>\n<li>Assurance des flottes d&rsquo;entreprises<\/li>\n<li>Assurance des voitures de collection<\/li>\n<\/ul>\n<p>Chaque cat\u00e9gorie n\u00e9cessite une approche adapt\u00e9e, mettant en \u00e9vidence les options politiques sp\u00e9cifiques, les exigences l\u00e9gales,<br>et les avantages afin de capter l&rsquo;attention et d&rsquo;encourager les inscriptions.<\/p>\n<h2>&nbsp;<\/h2>\n<h2>Conclusion<\/h2>\n<p>Il est essentiel pour toute agence cherchant<br>\u00e0 prosp\u00e9rer sur le march\u00e9 concurrentiel de l&rsquo;automobile de constituer un solide pipeline de <strong>prospects pour l&rsquo;assurance automobile<\/strong>. En mettant en \u0153uvre des tactiques de marketing cibl\u00e9es, en offrant<br>des informations convaincantes et en externalisant \u00e9ventuellement la g\u00e9n\u00e9ration de leads, vous pouvez maintenir un flux constant<br>de prospects int\u00e9ress\u00e9s. En fin de compte, une strat\u00e9gie bien \u00e9quilibr\u00e9e garantit que les nouveaux conducteurs et les conducteurs chevronn\u00e9s<br>trouvent la couverture qui leur convient le mieux, ce qui maintient votre entreprise sur la voie rapide du succ\u00e8s.<\/p>\t\t\t\t\t\t\t\t<\/div>\n\t\t\t\t<\/div>\n\t\t\t\t\t<\/div>\n\t\t<\/div>\n\t\t\t\t\t<\/div>\n\t\t<\/section>\n\t\t<div class=\"elementor-element elementor-element-7dcc3bd e-flex e-con-boxed e-con e-parent\" data-id=\"7dcc3bd\" data-element_type=\"container\" data-e-type=\"container\" data-settings=\"{&quot;background_background&quot;:&quot;classic&quot;}\">\n\t\t\t\t\t<div class=\"e-con-inner\">\n\t\t\t\t<div class=\"elementor-element elementor-element-e12c848 elementor-widget elementor-widget-text-editor\" data-id=\"e12c848\" data-element_type=\"widget\" data-e-type=\"widget\" data-widget_type=\"text-editor.default\">\n\t\t\t\t<div class=\"elementor-widget-container\">\n\t\t\t\t\t\t\t\t\t<h2 style=\"margin-bottom: 1rem;\">Vous \u00eates pr\u00eat \u00e0 recevoir des prospects pour l&rsquo;assurance automobile?<\/h2><p style=\"margin-bottom: 1.5rem;\">Remplissez notre formulaire de contact rapide et notre \u00e9quipe vous contactera pour vous montrer comment nous pouvons augmenter votre retour sur investissement et vous aider \u00e0 vous d\u00e9marquer sur le march\u00e9 de l&rsquo;assurance.<\/p>\t\t\t\t\t\t\t\t<\/div>\n\t\t\t\t<\/div>\n\t\t\t\t<div class=\"elementor-element elementor-element-6257d7f fluentform-widget-submit-button-full-width e-transform fluent-form-widget-step-header-yes fluent-form-widget-step-progressbar-yes elementor-widget elementor-widget-fluent-form-widget\" data-id=\"6257d7f\" data-element_type=\"widget\" data-e-type=\"widget\" data-settings=\"{&quot;_transform_scale_effect&quot;:{&quot;unit&quot;:&quot;px&quot;,&quot;size&quot;:0.9,&quot;sizes&quot;:[]},&quot;_transform_scale_effect_tablet&quot;:{&quot;unit&quot;:&quot;px&quot;,&quot;size&quot;:&quot;&quot;,&quot;sizes&quot;:[]},&quot;_transform_scale_effect_mobile&quot;:{&quot;unit&quot;:&quot;px&quot;,&quot;size&quot;:&quot;&quot;,&quot;sizes&quot;:[]}}\" data-widget_type=\"fluent-form-widget.default\">\n\t\t\t\t<div class=\"elementor-widget-container\">\n\t\t\t\t\t\n            <div class=\"fluentform-widget-wrapper fluentform-widget-align-default\">\n\n            \n            <div class='fluentform ff-default fluentform_wrapper_1 ffs_default_wrap'><form data-form_id=\"1\" id=\"fluentform_1\" class=\"frm-fluent-form fluent_form_1 ff-el-form-top ff_form_instance_1_1 ff-form-loading ffs_default\" data-form_instance=\"ff_form_instance_1_1\" method=\"POST\" ><fieldset  style=\"border: none!important;margin: 0!important;padding: 0!important;background-color: transparent!important;box-shadow: none!important;outline: none!important; min-inline-size: 100%;\">\n                    <legend class=\"ff_screen_reader_title\" style=\"display: block; margin: 0!important;padding: 0!important;height: 0!important;text-indent: -999999px;width: 0!important;overflow:hidden;\">Contact Form Demo<\/legend><input type='hidden' name='__fluent_form_embded_post_id' value='2506' \/><input type=\"hidden\" id=\"_fluentform_1_fluentformnonce\" name=\"_fluentform_1_fluentformnonce\" value=\"c9a76c8f40\" \/><input type=\"hidden\" name=\"_wp_http_referer\" value=\"\/fr\/wp-json\/wp\/v2\/pages\/2506\" \/><div data-type=\"name-element\" data-name=\"names\" class=\" ff-field_container ff-name-field-wrapper\" ><div class='ff-t-container'><div class='ff-t-cell '><div class='ff-el-group'><div class=\"ff-el-input--label asterisk-right\"><label for='ff_1_names_first_name_' id='label_ff_1_names_first_name_' >First Name<\/label><\/div><div class='ff-el-input--content'><input type=\"text\" name=\"names[first_name]\" id=\"ff_1_names_first_name_\" class=\"ff-el-form-control\" placeholder=\"First Name\" aria-invalid=\"false\" aria-required=false><\/div><\/div><\/div><div class='ff-t-cell '><div class='ff-el-group'><div class=\"ff-el-input--label asterisk-right\"><label for='ff_1_names_last_name_' id='label_ff_1_names_last_name_' >Last Name<\/label><\/div><div class='ff-el-input--content'><input type=\"text\" name=\"names[last_name]\" id=\"ff_1_names_last_name_\" class=\"ff-el-form-control\" placeholder=\"Last Name\" aria-invalid=\"false\" aria-required=false><\/div><\/div><\/div><\/div><\/div><div class='ff-el-group'><div class=\"ff-el-input--label ff-el-is-required asterisk-right\"><label for='ff_1_email' id='label_ff_1_email' aria-label=\"Email\">Email<\/label><\/div><div class='ff-el-input--content'><input type=\"email\" name=\"email\" id=\"ff_1_email\" class=\"ff-el-form-control\" placeholder=\"Email Address\" data-name=\"email\"  aria-invalid=\"false\" aria-required=true><\/div><\/div><div class='ff-el-group'><div class=\"ff-el-input--label asterisk-right\"><label for='ff_1_subject' id='label_ff_1_subject' aria-label=\"Subject\">Subject<\/label><\/div><div class='ff-el-input--content'><input type=\"text\" name=\"subject\" class=\"ff-el-form-control\" placeholder=\"Subject\" data-name=\"subject\" id=\"ff_1_subject\"  aria-invalid=\"false\" aria-required=false><\/div><\/div><div class='ff-el-group'><div class=\"ff-el-input--label ff-el-is-required asterisk-right\"><label for='ff_1_message' id='label_ff_1_message' aria-label=\"Your Message\">Your Message<\/label><\/div><div class='ff-el-input--content'><textarea aria-required=\"true\" aria-labelledby=\"label_ff_1_message\" name=\"message\" id=\"ff_1_message\" class=\"ff-el-form-control\" placeholder=\"Your Message\" rows=\"4\" cols=\"2\" data-name=\"message\" ><\/textarea><\/div><\/div><div class='ff-el-group ff-text-left ff_submit_btn_wrapper'><button type=\"submit\" class=\"ff-btn ff-btn-submit ff-btn-md ff_btn_style\"  aria-label=\"Submit Form\">Submit Form<\/button><\/div><\/fieldset><\/form><div id='fluentform_1_errors' class='ff-errors-in-stack ff_form_instance_1_1 ff-form-loading_errors ff_form_instance_1_1_errors'><\/div><\/div>            <script type=\"text\/javascript\">\n                window.fluent_form_ff_form_instance_1_1 = {\"id\":\"1\",\"settings\":{\"layout\":{\"labelPlacement\":\"top\",\"helpMessagePlacement\":\"with_label\",\"errorMessagePlacement\":\"inline\",\"asteriskPlacement\":\"asterisk-right\"},\"id\":\"39\",\"restrictions\":{\"denyEmptySubmission\":{\"enabled\":false}}},\"form_instance\":\"ff_form_instance_1_1\",\"form_id_selector\":\"fluentform_1\",\"rules\":{\"names[first_name]\":{\"required\":{\"value\":false,\"message\":\"This field is required\"}},\"names[middle_name]\":{\"required\":{\"value\":false,\"message\":\"This field is required\"}},\"names[last_name]\":{\"required\":{\"value\":false,\"message\":\"This field is required\"}},\"email\":{\"required\":{\"value\":true,\"message\":\"This field is required\"},\"email\":{\"value\":true,\"message\":\"This field must contain a valid email\"}},\"subject\":{\"required\":{\"value\":false,\"message\":\"This field is required\"}},\"message\":{\"required\":{\"value\":true,\"message\":\"This field is required\"}}},\"debounce_time\":300};\n                            <\/script>\n                        <\/div>\n\n            \t\t\t\t<\/div>\n\t\t\t\t<\/div>\n\t\t\t\t\t<\/div>\n\t\t\t\t<\/div>\n\t\t\t\t<\/div>\n\t\t","protected":false},"excerpt":{"rendered":"<p>info Assurance auto leads Leads pour l&rsquo;assurance automobile : D\u00e9veloppez votre portefeuille d&rsquo;assurance plus rapidement Les clients potentiels de l&rsquo;assurance automobile sont la force motrice d&rsquo;un portefeuille de couvertures automobiles r\u00e9ussies.Que vos clients soient de nouveaux conducteurs, des propri\u00e9taires de v\u00e9hicules \u00e0 long terme ou des propri\u00e9taires d&rsquo;entreprises g\u00e9rant plusieurs v\u00e9hicules, l&rsquo;exploitation d&rsquo;un flux r\u00e9gulier&#8230;<\/p>\n","protected":false},"author":1,"featured_media":0,"parent":2405,"menu_order":0,"comment_status":"closed","ping_status":"closed","template":"","meta":{"_kadence_starter_templates_imported_post":false,"_kad_post_transparent":"","_kad_post_title":"","_kad_post_layout":"","_kad_post_sidebar_id":"","_kad_post_content_style":"","_kad_post_vertical_padding":"","_kad_post_feature":"","_kad_post_feature_position":"","_kad_post_header":false,"_kad_post_footer":false,"footnotes":""},"class_list":["post-2506","page","type-page","status-publish","hentry"],"_links":{"self":[{"href":"https:\/\/alead.ch\/fr\/wp-json\/wp\/v2\/pages\/2506","targetHints":{"allow":["GET"]}}],"collection":[{"href":"https:\/\/alead.ch\/fr\/wp-json\/wp\/v2\/pages"}],"about":[{"href":"https:\/\/alead.ch\/fr\/wp-json\/wp\/v2\/types\/page"}],"author":[{"embeddable":true,"href":"https:\/\/alead.ch\/fr\/wp-json\/wp\/v2\/users\/1"}],"replies":[{"embeddable":true,"href":"https:\/\/alead.ch\/fr\/wp-json\/wp\/v2\/comments?post=2506"}],"version-history":[{"count":23,"href":"https:\/\/alead.ch\/fr\/wp-json\/wp\/v2\/pages\/2506\/revisions"}],"predecessor-version":[{"id":3236,"href":"https:\/\/alead.ch\/fr\/wp-json\/wp\/v2\/pages\/2506\/revisions\/3236"}],"up":[{"embeddable":true,"href":"https:\/\/alead.ch\/fr\/wp-json\/wp\/v2\/pages\/2405"}],"wp:attachment":[{"href":"https:\/\/alead.ch\/fr\/wp-json\/wp\/v2\/media?parent=2506"}],"curies":[{"name":"wp","href":"https:\/\/api.w.org\/{rel}","templated":true}]}}