{"id":2415,"date":"2025-01-31T16:58:08","date_gmt":"2025-01-31T15:58:08","guid":{"rendered":"https:\/\/alead.ch\/?page_id=2415"},"modified":"2025-02-03T20:29:29","modified_gmt":"2025-02-03T19:29:29","slug":"leads-finanzas","status":"publish","type":"page","link":"https:\/\/alead.ch\/es\/soluciones\/leads-finanzas\/","title":{"rendered":"Leads finanzas"},"content":{"rendered":"\t\t<div data-elementor-type=\"wp-page\" data-elementor-id=\"2415\" class=\"elementor elementor-2415 elementor-2413\">\n\t\t\t\t<div class=\"elementor-element elementor-element-1ee246f e-flex e-con-boxed e-con e-parent\" data-id=\"1ee246f\" data-element_type=\"container\" data-e-type=\"container\" data-settings=\"{&quot;background_background&quot;:&quot;classic&quot;}\">\n\t\t\t\t\t<div class=\"e-con-inner\">\n\t\t\t\t<div class=\"elementor-element elementor-element-21f0a915 elementor-absolute e-transform elementor-widget elementor-widget-wpml-language-switcher\" data-id=\"21f0a915\" data-element_type=\"widget\" data-e-type=\"widget\" data-settings=\"{&quot;_position&quot;:&quot;absolute&quot;,&quot;_transform_scale_effect&quot;:{&quot;unit&quot;:&quot;px&quot;,&quot;size&quot;:1.2,&quot;sizes&quot;:[]},&quot;_transform_scale_effect_tablet&quot;:{&quot;unit&quot;:&quot;px&quot;,&quot;size&quot;:&quot;&quot;,&quot;sizes&quot;:[]},&quot;_transform_scale_effect_mobile&quot;:{&quot;unit&quot;:&quot;px&quot;,&quot;size&quot;:&quot;&quot;,&quot;sizes&quot;:[]}}\" data-widget_type=\"wpml-language-switcher.default\">\n\t\t\t\t<div class=\"elementor-widget-container\">\n\t\t\t\t\t<div class=\"wpml-elementor-ls\">\n<div role=\"navigation\" aria-label=\"Selector de idioma\" class=\"wpml-ls-statics-shortcode_actions wpml-ls wpml-ls-legacy-list-horizontal\">\n\t<ul><li class=\"wpml-ls-slot-shortcode_actions wpml-ls-item wpml-ls-item-de wpml-ls-first-item wpml-ls-item-legacy-list-horizontal\">\n\t\t\t\t<a href=\"https:\/\/alead.ch\/de\/\" hreflang=\"de\" lang=\"de\" class=\"wpml-ls-link\" aria-label=\"Cambiar a Alem\u00e1n\" title=\"Cambiar a Alem\u00e1n\">\n\t\t\t\t\t                                    <img decoding=\"async\"\n            class=\"wpml-ls-flag lazyload\"\n            data-src=\"https:\/\/alead.ch\/wp-content\/plugins\/sitepress-multilingual-cms\/res\/flags\/de.svg\"\n            alt=\"Alem\u00e1n\"\n           \n            width=18\n            height=12\n src=\"data:image\/svg+xml;base64,PHN2ZyB3aWR0aD0iMSIgaGVpZ2h0PSIxIiB4bWxucz0iaHR0cDovL3d3dy53My5vcmcvMjAwMC9zdmciPjwvc3ZnPg==\" \/><\/a>\n\t\t\t<\/li><li class=\"wpml-ls-slot-shortcode_actions wpml-ls-item wpml-ls-item-fr wpml-ls-item-legacy-list-horizontal\">\n\t\t\t\t<a href=\"https:\/\/alead.ch\/fr\/\" hreflang=\"fr\" lang=\"fr\" class=\"wpml-ls-link\" aria-label=\"Cambiar a Franc\u00e9s\" title=\"Cambiar a Franc\u00e9s\">\n\t\t\t\t\t                                    <img decoding=\"async\"\n            class=\"wpml-ls-flag lazyload\"\n            data-src=\"https:\/\/alead.ch\/wp-content\/plugins\/sitepress-multilingual-cms\/res\/flags\/fr.svg\"\n            alt=\"Franc\u00e9s\"\n           \n            width=18\n            height=12\n src=\"data:image\/svg+xml;base64,PHN2ZyB3aWR0aD0iMSIgaGVpZ2h0PSIxIiB4bWxucz0iaHR0cDovL3d3dy53My5vcmcvMjAwMC9zdmciPjwvc3ZnPg==\" \/><\/a>\n\t\t\t<\/li><li class=\"wpml-ls-slot-shortcode_actions wpml-ls-item wpml-ls-item-en wpml-ls-item-legacy-list-horizontal\">\n\t\t\t\t<a href=\"https:\/\/alead.ch\/\" hreflang=\"en\" lang=\"en\" class=\"wpml-ls-link\" aria-label=\"Cambiar a Ingl\u00e9s\" title=\"Cambiar a Ingl\u00e9s\">\n\t\t\t\t\t                                    <img decoding=\"async\"\n            class=\"wpml-ls-flag lazyload\"\n            data-src=\"https:\/\/alead.ch\/wp-content\/plugins\/sitepress-multilingual-cms\/res\/flags\/en.svg\"\n            alt=\"Ingl\u00e9s\"\n           \n            width=18\n            height=12\n src=\"data:image\/svg+xml;base64,PHN2ZyB3aWR0aD0iMSIgaGVpZ2h0PSIxIiB4bWxucz0iaHR0cDovL3d3dy53My5vcmcvMjAwMC9zdmciPjwvc3ZnPg==\" \/><\/a>\n\t\t\t<\/li><li class=\"wpml-ls-slot-shortcode_actions wpml-ls-item wpml-ls-item-es wpml-ls-current-language wpml-ls-last-item wpml-ls-item-legacy-list-horizontal\">\n\t\t\t\t<a href=\"https:\/\/alead.ch\/es\/\" hreflang=\"es\" lang=\"es\" class=\"wpml-ls-link\" aria-current=\"page\" aria-label=\"Cambiar a Espa\u00f1ol\" title=\"Cambiar a Espa\u00f1ol\">\n\t\t\t\t\t                                    <img decoding=\"async\"\n            class=\"wpml-ls-flag lazyload\"\n            data-src=\"https:\/\/alead.ch\/wp-content\/plugins\/sitepress-multilingual-cms\/res\/flags\/es.svg\"\n            alt=\"Espa\u00f1ol\"\n           \n            width=18\n            height=12\n src=\"data:image\/svg+xml;base64,PHN2ZyB3aWR0aD0iMSIgaGVpZ2h0PSIxIiB4bWxucz0iaHR0cDovL3d3dy53My5vcmcvMjAwMC9zdmciPjwvc3ZnPg==\" \/><\/a>\n\t\t\t<\/li><\/ul>\n<\/div>\n<\/div>\t\t\t\t<\/div>\n\t\t\t\t<\/div>\n\t\t\t\t\t<\/div>\n\t\t\t\t<\/div>\n\t\t\t\t<section class=\"elementor-section elementor-top-section elementor-element elementor-element-3963003 elementor-section-boxed elementor-section-height-default elementor-section-height-default\" data-id=\"3963003\" data-element_type=\"section\" data-e-type=\"section\" data-settings=\"{&quot;background_background&quot;:&quot;classic&quot;}\">\n\t\t\t\t\t\t\t<div class=\"elementor-background-overlay\"><\/div>\n\t\t\t\t\t\t\t<div class=\"elementor-container elementor-column-gap-default\">\n\t\t\t\t\t<div class=\"elementor-column elementor-col-100 elementor-top-column elementor-element elementor-element-141f798\" data-id=\"141f798\" data-element_type=\"column\" data-e-type=\"column\">\n\t\t\t<div class=\"elementor-widget-wrap elementor-element-populated\">\n\t\t\t\t\t\t<div class=\"elementor-element elementor-element-0cbede4 elementor-widget elementor-widget-heading\" data-id=\"0cbede4\" data-element_type=\"widget\" data-e-type=\"widget\" data-widget_type=\"heading.default\">\n\t\t\t\t<div class=\"elementor-widget-container\">\n\t\t\t\t\t<h6 class=\"elementor-heading-title elementor-size-default\">informaci\u00f3n<\/h6>\t\t\t\t<\/div>\n\t\t\t\t<\/div>\n\t\t\t\t<div class=\"elementor-element elementor-element-3f08464 elementor-widget elementor-widget-heading\" data-id=\"3f08464\" data-element_type=\"widget\" data-e-type=\"widget\" data-widget_type=\"heading.default\">\n\t\t\t\t<div class=\"elementor-widget-container\">\n\t\t\t\t\t<h1 class=\"elementor-heading-title elementor-size-default\">Leads <br>Finanzas<\/h1>\t\t\t\t<\/div>\n\t\t\t\t<\/div>\n\t\t\t\t\t<\/div>\n\t\t<\/div>\n\t\t\t\t\t<\/div>\n\t\t<\/section>\n\t\t<div class=\"elementor-element elementor-element-a48d9ed e-flex e-con-boxed e-con e-parent\" data-id=\"a48d9ed\" data-element_type=\"container\" data-e-type=\"container\" data-settings=\"{&quot;background_background&quot;:&quot;classic&quot;}\">\n\t\t\t\t\t<div class=\"e-con-inner\">\n\t\t\t\t<div class=\"elementor-element elementor-element-22e01dd elementor-widget elementor-widget-shortcode\" data-id=\"22e01dd\" data-element_type=\"widget\" data-e-type=\"widget\" data-widget_type=\"shortcode.default\">\n\t\t\t\t<div class=\"elementor-widget-container\">\n\t\t\t\t\t\t\t<div class=\"elementor-shortcode\"><p> \t\t\t<!-- Flexy Breadcrumb --><\/p>\n<div class=\"fbc fbc-page\">\n<p>\t\t\t\t<!-- Breadcrumb wrapper --><\/p>\n<div class=\"fbc-wrap\">\n<p>\t\t\t\t\t<!-- Ordered list--><\/p>\n<ol class=\"fbc-items\" itemscope itemtype=\"https:\/\/schema.org\/BreadcrumbList\">\n<li itemprop=\"itemListElement\" itemscope itemtype=\"https:\/\/schema.org\/ListItem\">\n                <span itemprop=\"name\"><br \/>\n                    <!-- Home Link --><br \/>\n                    <a itemprop=\"item\" href=\"https:\/\/alead.ch\"><\/p>\n<p>                        Home                    <\/a><br \/>\n                <\/span><br \/>\n                <meta itemprop=\"position\" content=\"1\" \/><!-- Meta Position-->\n             <\/li>\n<li><span class=\"fbc-separator\">|<\/span><\/li>\n<li class=\"active\" itemprop=\"itemListElement\" itemscope itemtype=\"https:\/\/schema.org\/ListItem\"><span itemprop=\"name\" title=\"Leads finanzas\">Leads finanzas<\/span><meta itemprop=\"position\" content=\"2\" \/><\/li>\n<\/ol>\n<div class=\"clearfix\"><\/div>\n<\/p><\/div>\n<\/p><\/div>\n<\/div>\n\t\t\t\t\t\t<\/div>\n\t\t\t\t<\/div>\n\t\t\t\t\t<\/div>\n\t\t\t\t<\/div>\n\t\t\t\t<section class=\"elementor-section elementor-top-section elementor-element elementor-element-bbec7b8 elementor-section-content-middle elementor-section-boxed elementor-section-height-default elementor-section-height-default\" data-id=\"bbec7b8\" data-element_type=\"section\" data-e-type=\"section\" data-settings=\"{&quot;background_background&quot;:&quot;classic&quot;}\">\n\t\t\t\t\t\t\t<div class=\"elementor-background-overlay\"><\/div>\n\t\t\t\t\t\t\t<div class=\"elementor-container elementor-column-gap-default\">\n\t\t\t\t\t<div class=\"elementor-column elementor-col-100 elementor-top-column elementor-element elementor-element-5faa9f9\" data-id=\"5faa9f9\" data-element_type=\"column\" data-e-type=\"column\" data-settings=\"{&quot;background_background&quot;:&quot;classic&quot;}\">\n\t\t\t<div class=\"elementor-widget-wrap elementor-element-populated\">\n\t\t\t\t\t\t<div class=\"elementor-element elementor-element-5ce848e elementor-widget elementor-widget-text-editor\" data-id=\"5ce848e\" data-element_type=\"widget\" data-e-type=\"widget\" data-widget_type=\"text-editor.default\">\n\t\t\t\t<div class=\"elementor-widget-container\">\n\t\t\t\t\t\t\t\t\t<h1>Contactos financieros: Desbloquea el crecimiento de tu negocio de servicios financieros<\/h1>\n<strong>Los clientes potenciales financieros<\/strong> forman la columna vertebral de cualquier operaci\u00f3n de servicios financieros de \u00e9xito.\nTanto si te especializas en pr\u00e9stamos, inversiones o gesti\u00f3n de patrimonios, conectar con clientes potenciales cualificados\npuede acelerar tu crecimiento y ayudarte a destacar en un mercado competitivo.\n<h2><\/h2>\n<h2>\u00bfQu\u00e9 son los leads financieros?<\/h2>\nEstos clientes potenciales representan a personas o empresas que buscan activamente soluciones financieras.\nDesde pr\u00e9stamos personales y asesoramiento hipotecario hasta capital para una startup, una canalizaci\u00f3n fiable\nde <em>clientes potenciales financieros<\/em> es esencial para un rendimiento y unos ingresos sostenidos en el sector financiero.\n<h2><\/h2>\n<h2>Estrategias eficaces para generar prospectos financieros de alta calidad<\/h2>\n<ul>\n \t<li><strong>Campa\u00f1as de pago espec\u00edficas:<\/strong> Utiliza anuncios PPC, campa\u00f1as en redes sociales,\ny nutrici\u00f3n por correo electr\u00f3nico para llegar a p\u00fablicos que buscan soluciones financieras espec\u00edficas.<\/li>\n \t<li><strong>Liderazgo intelectual y contenidos:<\/strong> Comparte art\u00edculos educativos, libros electr\u00f3nicos,\ny seminarios web sobre planificaci\u00f3n financiera, tendencias de inversi\u00f3n o consejos sobre cr\u00e9ditos para crear autoridad.<\/li>\n \t<li><strong>Imanes de clientes potenciales y herramientas gratuitas:<\/strong> Ofrece calculadoras presupuestarias, listas de control financiero,\no an\u00e1lisis de mercado gratuitos para captar clientes potenciales y recopilar su informaci\u00f3n.<\/li>\n \t<li><strong>Asociaciones de recomendaci\u00f3n:<\/strong> Colabora con contables, agentes inmobiliarios,\nu otros profesionales del sector que puedan recomendar tus servicios a sus clientes.<\/li>\n<\/ul>\n<h2><\/h2>\n<h2>\u00bfPor qu\u00e9 centrarse en los clientes potenciales financieros?<\/h2>\nDar prioridad a <em>los clientes potenciales financieros<\/em> te ayuda a ampliar tu alcance, reforzar la credibilidad de la marca,\ny racionalizar el gasto en marketing. Un <strong>proceso<\/strong> estrat\u00e9gico <strong>de generaci\u00f3n de clientes potenciales<\/strong>\ngarantiza que captas clientes potenciales susceptibles de convertirse, lo que en \u00faltima instancia refuerza tus ingresos y\nte posiciona como proveedor financiero de confianza.\n<h2><\/h2>\n<h2>\u00bfDeber\u00edas externalizar la generaci\u00f3n de contactos financieros?<\/h2>\nAsociarse con una agencia especializada puede ser una ventaja significativa para las empresas\nque pretendan expandirse r\u00e1pidamente. La externalizaci\u00f3n ofrece:\n<ul>\n \t<li><strong>Conocimiento profundo del mercado:<\/strong> Las agencias suelen conocer a fondo las fluctuaciones del mercado\n, las normativas de cumplimiento y las mejores pr\u00e1cticas para captar clientes potenciales de financiaci\u00f3n.<\/li>\n \t<li><strong>Ahorro de costes:<\/strong> Reduce los gastos generales de contrataci\u00f3n, formaci\u00f3n y tecnolog\u00eda\nrecurriendo a expertos externos que ya disponen de los recursos necesarios.<\/li>\n \t<li><strong>Escalabilidad:<\/strong> Ajusta el tama\u00f1o y el enfoque de la campa\u00f1a a medida que cambien tus objetivos,\ntanto si promocionas un nuevo servicio como si te diriges a un nicho de mercado.<\/li>\n \t<li><strong>Anal\u00edtica de vanguardia:<\/strong> Muchas agencias utilizan herramientas de datos avanzadas y CRMs\npara segmentar y hacer un seguimiento eficaz de los clientes potenciales, aumentando las tasas de conversi\u00f3n.<\/li>\n \t<li><strong>Resultados m\u00e1s r\u00e1pidos:<\/strong> Al recurrir a metodolog\u00edas probadas y a profesionales experimentados,\npuedes captar y convertir clientes potenciales cualificados m\u00e1s r\u00e1pidamente.<\/li>\n<\/ul>\n<h2><\/h2>\n<h2>leads de Finanzas para diferentes nichos de mercado<\/h2>\nHemos perfeccionado nuestra experiencia en la generaci\u00f3n de clientes potenciales en diversos segmentos financieros.\nNuestro equipo ha trabajado con \u00e9xito en:\n<ul>\n \t<li>Pr\u00e9stamos personales<\/li>\n \t<li>L\u00edderes en Gesti\u00f3n de Inversiones y Patrimonios<\/li>\n \t<li>Contactos de hipotecas y financiaci\u00f3n de viviendas<\/li>\n \t<li>Pr\u00e9stamos a empresas<\/li>\n<\/ul>\nCada categor\u00eda de clientes potenciales del sector financiero requiere un enfoque especializado, desde dirigirse a grupos demogr\u00e1ficos espec\u00edficos de\nhasta aprovechar canales de marketing a medida. Personalizando tu estrategia de generaci\u00f3n de clientes potenciales\npara cada sector, puedes mejorar significativamente tus tasas de conversi\u00f3n.\n<h2><\/h2>\n<h2>Conclusi\u00f3n<\/h2>\nCultivar <strong>clientes potenciales financieros<\/strong> es esencial para mantener tu negocio de servicios financieros\nen la senda del crecimiento. Combinar m\u00e9todos de marketing actualizados con un alcance espec\u00edfico garantiza una afluencia constante a\nde clientes potenciales listos para dar el siguiente paso en su viaje financiero. Tanto si gestionas la generaci\u00f3n de clientes potenciales\ninternamente como si optas por subcontratarla, la clave del \u00e9xito es una estrategia proactiva y basada en datos.\t\t\t\t\t\t\t\t<\/div>\n\t\t\t\t<\/div>\n\t\t\t\t\t<\/div>\n\t\t<\/div>\n\t\t\t\t\t<\/div>\n\t\t<\/section>\n\t\t<div class=\"elementor-element elementor-element-7dcc3bd e-flex e-con-boxed e-con e-parent\" data-id=\"7dcc3bd\" data-element_type=\"container\" data-e-type=\"container\" data-settings=\"{&quot;background_background&quot;:&quot;classic&quot;}\">\n\t\t\t\t\t<div class=\"e-con-inner\">\n\t\t\t\t<div class=\"elementor-element elementor-element-e12c848 elementor-widget elementor-widget-text-editor\" data-id=\"e12c848\" data-element_type=\"widget\" data-e-type=\"widget\" data-widget_type=\"text-editor.default\">\n\t\t\t\t<div class=\"elementor-widget-container\">\n\t\t\t\t\t\t\t\t\t<h2 style=\"margin-bottom: 1rem;\">\u00bflisto para conseguir leads de finanzas?<\/h2><p style=\"margin-bottom: 1.5rem;\">Rellena nuestro r\u00e1pido formulario de contacto y nuestro equipo se pondr\u00e1 en contacto contigo para mostrarte c\u00f3mo podemos impulsar tu ROI y ayudarte a destacar en el mercado de los seguros.<\/p>\t\t\t\t\t\t\t\t<\/div>\n\t\t\t\t<\/div>\n\t\t\t\t<div class=\"elementor-element elementor-element-6257d7f fluentform-widget-submit-button-full-width e-transform fluent-form-widget-step-header-yes fluent-form-widget-step-progressbar-yes elementor-widget elementor-widget-fluent-form-widget\" data-id=\"6257d7f\" data-element_type=\"widget\" data-e-type=\"widget\" data-settings=\"{&quot;_transform_scale_effect&quot;:{&quot;unit&quot;:&quot;px&quot;,&quot;size&quot;:0.9,&quot;sizes&quot;:[]},&quot;_transform_scale_effect_tablet&quot;:{&quot;unit&quot;:&quot;px&quot;,&quot;size&quot;:&quot;&quot;,&quot;sizes&quot;:[]},&quot;_transform_scale_effect_mobile&quot;:{&quot;unit&quot;:&quot;px&quot;,&quot;size&quot;:&quot;&quot;,&quot;sizes&quot;:[]}}\" data-widget_type=\"fluent-form-widget.default\">\n\t\t\t\t<div class=\"elementor-widget-container\">\n\t\t\t\t\t\n            <div class=\"fluentform-widget-wrapper fluentform-widget-align-default\">\n\n            \n            <div class='fluentform ff-default fluentform_wrapper_1 ffs_default_wrap'><form data-form_id=\"1\" id=\"fluentform_1\" class=\"frm-fluent-form fluent_form_1 ff-el-form-top ff_form_instance_1_1 ff-form-loading ffs_default\" data-form_instance=\"ff_form_instance_1_1\" method=\"POST\" ><fieldset  style=\"border: none!important;margin: 0!important;padding: 0!important;background-color: transparent!important;box-shadow: none!important;outline: none!important; min-inline-size: 100%;\">\n                    <legend class=\"ff_screen_reader_title\" style=\"display: block; margin: 0!important;padding: 0!important;height: 0!important;text-indent: -999999px;width: 0!important;overflow:hidden;\">Contact Form Demo<\/legend><input type='hidden' name='__fluent_form_embded_post_id' value='2415' \/><input type=\"hidden\" id=\"_fluentform_1_fluentformnonce\" name=\"_fluentform_1_fluentformnonce\" value=\"bcb4bde2ed\" \/><input type=\"hidden\" name=\"_wp_http_referer\" value=\"\/es\/wp-json\/wp\/v2\/pages\/2415\" \/><div data-type=\"name-element\" data-name=\"names\" class=\" ff-field_container ff-name-field-wrapper\" ><div class='ff-t-container'><div class='ff-t-cell '><div class='ff-el-group'><div class=\"ff-el-input--label asterisk-right\"><label for='ff_1_names_first_name_' id='label_ff_1_names_first_name_' >First Name<\/label><\/div><div class='ff-el-input--content'><input type=\"text\" name=\"names[first_name]\" id=\"ff_1_names_first_name_\" class=\"ff-el-form-control\" placeholder=\"First Name\" aria-invalid=\"false\" aria-required=false><\/div><\/div><\/div><div class='ff-t-cell '><div class='ff-el-group'><div class=\"ff-el-input--label asterisk-right\"><label for='ff_1_names_last_name_' id='label_ff_1_names_last_name_' >Last Name<\/label><\/div><div class='ff-el-input--content'><input type=\"text\" name=\"names[last_name]\" id=\"ff_1_names_last_name_\" class=\"ff-el-form-control\" placeholder=\"Last Name\" aria-invalid=\"false\" aria-required=false><\/div><\/div><\/div><\/div><\/div><div class='ff-el-group'><div class=\"ff-el-input--label ff-el-is-required asterisk-right\"><label for='ff_1_email' id='label_ff_1_email' aria-label=\"Email\">Email<\/label><\/div><div class='ff-el-input--content'><input type=\"email\" name=\"email\" id=\"ff_1_email\" class=\"ff-el-form-control\" placeholder=\"Email Address\" data-name=\"email\"  aria-invalid=\"false\" aria-required=true><\/div><\/div><div class='ff-el-group'><div class=\"ff-el-input--label asterisk-right\"><label for='ff_1_subject' id='label_ff_1_subject' aria-label=\"Subject\">Subject<\/label><\/div><div class='ff-el-input--content'><input type=\"text\" name=\"subject\" class=\"ff-el-form-control\" placeholder=\"Subject\" data-name=\"subject\" id=\"ff_1_subject\"  aria-invalid=\"false\" aria-required=false><\/div><\/div><div class='ff-el-group'><div class=\"ff-el-input--label ff-el-is-required asterisk-right\"><label for='ff_1_message' id='label_ff_1_message' aria-label=\"Your Message\">Your Message<\/label><\/div><div class='ff-el-input--content'><textarea aria-required=\"true\" aria-labelledby=\"label_ff_1_message\" name=\"message\" id=\"ff_1_message\" class=\"ff-el-form-control\" placeholder=\"Your Message\" rows=\"4\" cols=\"2\" data-name=\"message\" ><\/textarea><\/div><\/div><div class='ff-el-group ff-text-left ff_submit_btn_wrapper'><button type=\"submit\" class=\"ff-btn ff-btn-submit ff-btn-md ff_btn_style\"  aria-label=\"Submit Form\">Submit Form<\/button><\/div><\/fieldset><\/form><div id='fluentform_1_errors' class='ff-errors-in-stack ff_form_instance_1_1 ff-form-loading_errors ff_form_instance_1_1_errors'><\/div><\/div>            <script type=\"text\/javascript\">\n                window.fluent_form_ff_form_instance_1_1 = {\"id\":\"1\",\"ajaxUrl\":\"https:\\\/\\\/alead.ch\\\/wp-admin\\\/admin-ajax.php\",\"settings\":{\"layout\":{\"labelPlacement\":\"top\",\"helpMessagePlacement\":\"with_label\",\"errorMessagePlacement\":\"inline\",\"asteriskPlacement\":\"asterisk-right\"},\"id\":\"39\",\"restrictions\":{\"denyEmptySubmission\":{\"enabled\":false}}},\"form_instance\":\"ff_form_instance_1_1\",\"form_id_selector\":\"fluentform_1\",\"rules\":{\"names[first_name]\":{\"required\":{\"value\":false,\"message\":\"This field is required\"}},\"names[middle_name]\":{\"required\":{\"value\":false,\"message\":\"This field is required\"}},\"names[last_name]\":{\"required\":{\"value\":false,\"message\":\"This field is required\"}},\"email\":{\"required\":{\"value\":true,\"message\":\"This field is required\"},\"email\":{\"value\":true,\"message\":\"This field must contain a valid email\"}},\"subject\":{\"required\":{\"value\":false,\"message\":\"This field is required\"}},\"message\":{\"required\":{\"value\":true,\"message\":\"This field is required\"}}},\"debounce_time\":300};\n                            <\/script>\n                        <\/div>\n\n            \t\t\t\t<\/div>\n\t\t\t\t<\/div>\n\t\t\t\t\t<\/div>\n\t\t\t\t<\/div>\n\t\t\t\t<\/div>\n\t\t","protected":false},"excerpt":{"rendered":"<p>informaci\u00f3n Leads Finanzas Contactos financieros: Desbloquea el crecimiento de tu negocio de servicios financieros Los clientes potenciales financieros forman la columna vertebral de cualquier operaci\u00f3n de servicios financieros de \u00e9xito. Tanto si te especializas en pr\u00e9stamos, inversiones o gesti\u00f3n de patrimonios, conectar con clientes potenciales cualificados puede acelerar tu crecimiento y ayudarte a destacar en&#8230;<\/p>\n","protected":false},"author":1,"featured_media":0,"parent":1261,"menu_order":0,"comment_status":"closed","ping_status":"closed","template":"","meta":{"_kadence_starter_templates_imported_post":false,"_kad_post_transparent":"","_kad_post_title":"","_kad_post_layout":"","_kad_post_sidebar_id":"","_kad_post_content_style":"","_kad_post_vertical_padding":"","_kad_post_feature":"","_kad_post_feature_position":"","_kad_post_header":false,"_kad_post_footer":false,"footnotes":""},"class_list":["post-2415","page","type-page","status-publish","hentry"],"_links":{"self":[{"href":"https:\/\/alead.ch\/es\/wp-json\/wp\/v2\/pages\/2415","targetHints":{"allow":["GET"]}}],"collection":[{"href":"https:\/\/alead.ch\/es\/wp-json\/wp\/v2\/pages"}],"about":[{"href":"https:\/\/alead.ch\/es\/wp-json\/wp\/v2\/types\/page"}],"author":[{"embeddable":true,"href":"https:\/\/alead.ch\/es\/wp-json\/wp\/v2\/users\/1"}],"replies":[{"embeddable":true,"href":"https:\/\/alead.ch\/es\/wp-json\/wp\/v2\/comments?post=2415"}],"version-history":[{"count":25,"href":"https:\/\/alead.ch\/es\/wp-json\/wp\/v2\/pages\/2415\/revisions"}],"predecessor-version":[{"id":3064,"href":"https:\/\/alead.ch\/es\/wp-json\/wp\/v2\/pages\/2415\/revisions\/3064"}],"up":[{"embeddable":true,"href":"https:\/\/alead.ch\/es\/wp-json\/wp\/v2\/pages\/1261"}],"wp:attachment":[{"href":"https:\/\/alead.ch\/es\/wp-json\/wp\/v2\/media?parent=2415"}],"curies":[{"name":"wp","href":"https:\/\/api.w.org\/{rel}","templated":true}]}}