{"id":1224,"date":"2025-01-26T21:56:14","date_gmt":"2025-01-26T20:56:14","guid":{"rendered":"https:\/\/alead.ch\/politica-de-privacidad\/"},"modified":"2025-03-02T01:14:57","modified_gmt":"2025-03-02T00:14:57","slug":"politica-privacidad","status":"publish","type":"page","link":"https:\/\/alead.ch\/es\/politica-privacidad\/","title":{"rendered":"Pol\u00edtica de privacidad"},"content":{"rendered":"\t\t<div data-elementor-type=\"wp-page\" data-elementor-id=\"1224\" class=\"elementor elementor-1224 elementor-783\">\n\t\t\t\t<div class=\"elementor-element elementor-element-759a6ca e-flex e-con-boxed e-con e-parent\" data-id=\"759a6ca\" data-element_type=\"container\" data-e-type=\"container\">\n\t\t\t\t\t<div class=\"e-con-inner\">\n\t\t\t\t<div class=\"elementor-element elementor-element-8d8c4b6 elementor-widget elementor-widget-text-editor\" data-id=\"8d8c4b6\" data-element_type=\"widget\" data-e-type=\"widget\" data-widget_type=\"text-editor.default\">\n\t\t\t\t<div class=\"elementor-widget-container\">\n\t\t\t\t\t\t\t\t\t<h1>Pol\u00edtica de privacidad<\/h1><p><strong>Fecha de entrada en vigor: 23 de enero de 2025<\/strong><\/p><p>Zhwa Zapata Morales (<em>\u00abnosotros\u00bb, \u00abnos\u00bb, \u00abnuestro\u00bb)<\/em> se compromete a proteger y respetar tu privacidad. Procesamos tus datos personales de acuerdo con los requisitos <strong>del Reglamento General de Protecci\u00f3n de Datos (RGPD) de<\/strong> la <strong>Uni\u00f3n Europea<\/strong> y la <strong>Nueva Ley Federal Suiza de Protecci\u00f3n de Datos (nFADP)<\/strong>. Esta Pol\u00edtica de privacidad explica c\u00f3mo recopilamos, utilizamos, revelamos y protegemos tus datos personales cuando visitas nuestro sitio web o utilizas nuestros servicios.<\/p><hr \/><h2>1. \u00c1mbito de aplicaci\u00f3n de esta pol\u00edtica<\/h2><p>Esta Pol\u00edtica de privacidad se aplica a todos los datos personales que recopilamos de ti a trav\u00e9s de nuestro sitio web, comunicaciones y cualquier otra interacci\u00f3n que puedas tener con nosotros. Al utilizar nuestro sitio web y nuestros servicios, aceptas los t\u00e9rminos de esta Pol\u00edtica.<\/p><h2>2. Qui\u00e9nes somos<\/h2><p><strong>Nombre de la empresa:<\/strong> Zhwa Zapata MoralesAlead.ch<br \/><strong>Propiedad:<\/strong> Alead.ch es propiedad de Zhwa Zapata Morales<br \/><strong>Correo electr\u00f3nico:<\/strong> <a href=\"mailto:info@alead.ch\">info@alead.ch<\/a><br \/><strong>Direcci\u00f3n postal:<\/strong> Zeughausstrasse 31, 8004 Z\u00farich, Suiza<\/p><p>Si tienes alguna pregunta sobre c\u00f3mo tratamos tus datos personales, ponte en contacto con nosotros en la direcci\u00f3n de correo electr\u00f3nico o postal indicada anteriormente.<\/p><h2>3. Datos que recogemos<\/h2><p>Podemos recoger y tratar los siguientes tipos de datos personales:<\/p><ul><li><strong>Informaci\u00f3n de contacto:<\/strong> Como tu nombre, direcci\u00f3n de correo electr\u00f3nico y n\u00famero de tel\u00e9fono.<\/li><li><strong>Interacciones del usuario:<\/strong> Datos sobre c\u00f3mo utilizas nuestro sitio web, incluidas las p\u00e1ginas visitadas y los enlaces pulsados.<\/li><li><strong>Informaci\u00f3n t\u00e9cnica:<\/strong> Direcci\u00f3n IP, tipo de navegador, sistema operativo e informaci\u00f3n del dispositivo.<\/li><li><strong>Informaci\u00f3n sobre clientes potenciales:<\/strong> Si solicitas o recibes clientes potenciales a trav\u00e9s de nuestros servicios, recopilamos datos relevantes para ese proceso (por ejemplo, el nombre del cliente potencial, sus datos de contacto).<\/li><li><strong>Preferencias de marketing:<\/strong> Cualquier preferencia que proporciones en relaci\u00f3n con la recepci\u00f3n de materiales de marketing por nuestra parte.<\/li><\/ul><h2>4. C\u00f3mo utilizamos tus datos<\/h2><p>Utilizamos tus datos personales para los siguientes fines:<\/p><ol><li><strong>Prestaci\u00f3n de servicios<\/strong><ul><li>Para prestar y mantener nuestros servicios de generaci\u00f3n de clientes potenciales.<\/li><li>Para comunicarnos contigo en relaci\u00f3n con nuestros servicios y responder a tus consultas.<\/li><\/ul><\/li><li><strong>Marketing y Comunicaci\u00f3n<\/strong><ul><li>Para enviarte boletines informativos, ofertas especiales u otra informaci\u00f3n que consideremos que pueda ser de tu inter\u00e9s, previo consentimiento por tu parte cuando as\u00ed lo exija la ley.<\/li><\/ul><\/li><li><strong>An\u00e1lisis y mejora<\/strong><ul><li>Analizar el comportamiento del usuario y el rendimiento del sitio para mejorar nuestros servicios y la experiencia del usuario.<\/li><\/ul><\/li><li><strong>Cumplimiento legal<\/strong><ul><li>Para cumplir las leyes, reglamentos y \u00f3rdenes judiciales o administrativas aplicables.<\/li><\/ul><\/li><\/ol><h2>5. Base jur\u00eddica del tratamiento<\/h2><p>Tratamos tus datos personales s\u00f3lo cuando tenemos una base legal conforme al GDPR y a la legislaci\u00f3n suiza, que puede incluir:<\/p><ul><li><strong>Tu consentimiento<\/strong> (Art\u00edculo 6(1)(a) GDPR) (nFADP).<\/li><li><strong>Ejecuci\u00f3n de un contrato<\/strong> (Art\u00edculo 6(1)(b) GDPR) (nFADP).<\/li><li><strong>Cumplimiento de una obligaci\u00f3n legal<\/strong> (Art\u00edculo 6(1)(c) GDPR) (nFADP).<\/li><li><strong>Intereses leg\u00edtimos<\/strong> (Art\u00edculo 6(1)(f) GDPR) (nFADP), cuando nuestros intereses no se vean anulados por tus derechos de protecci\u00f3n de datos.<\/li><\/ul><h2>6. Cookies, p\u00edxeles y seguimiento<\/h2><p>Utilizamos <strong>cookies<\/strong> y tecnolog\u00edas de seguimiento similares (como <strong>p\u00edxeles<\/strong>) para recopilar informaci\u00f3n sobre tus actividades de navegaci\u00f3n. Esto nos ayuda a adaptar nuestro sitio web a tus necesidades e intereses. Servicios de terceros como <strong>Facebook, Google, Active campaign, Hubspot, Zoho CRM, Zapier, Instagram, TikTok, X (antes Twitter), LinkedIn y otros<\/strong> pueden colocar sus propios p\u00edxeles de seguimiento, cookies o similares en nuestro sitio para controlar la actividad de los usuarios y medir la eficacia de la publicidad.<\/p><p>Puedes gestionar o desactivar las cookies en la configuraci\u00f3n de tu navegador. Deshabilitar las cookies o los p\u00edxeles puede afectar a la funcionalidad de nuestro sitio web o nuestros servicios.<\/p><h2>7. Uso de servicios de terceros<\/h2><p>Podemos utilizar plataformas de terceros (por ejemplo, <strong>Facebook, Instagram, TikTok, X, LinkedIn<\/strong>) para publicidad, remarketing y an\u00e1lisis. Estas plataformas pueden recopilar datos sobre ti de acuerdo con sus propias pol\u00edticas de privacidad. Te animamos a que revises sus pol\u00edticas de privacidad para entender c\u00f3mo manejan tus datos personales.<\/p><h2>8. Intercambio y divulgaci\u00f3n de datos<\/h2><p>No vendemos, comerciamos ni transferimos de ning\u00fan otro modo tus datos personales a terceros sin tu consentimiento, excepto en las siguientes situaciones:<\/p><ul><li><strong>Proveedores de servicios:<\/strong> Podemos compartir tus datos con socios de confianza que nos ayudan en el funcionamiento de nuestro sitio web, en la realizaci\u00f3n de nuestro negocio o en la prestaci\u00f3n de servicios (por ejemplo, alojamiento, an\u00e1lisis, marketing).<\/li><li><strong>Cumplimiento legal:<\/strong> Podemos revelar tus datos si as\u00ed lo exige la ley o en respuesta a solicitudes v\u00e1lidas de las autoridades p\u00fablicas (por ejemplo, \u00f3rdenes judiciales).<\/li><\/ul><p>Los terceros destinatarios de tus datos personales s\u00f3lo los tratar\u00e1n de acuerdo con nuestras instrucciones y estar\u00e1n sujetos a obligaciones de confidencialidad.<\/p><h3>Obligaciones del comprador en relaci\u00f3n con los prospectos<\/h3><p>Si compras o recibes clientes potenciales de Zhwa Zapata Morales, te comprometes a utilizar esos clientes potenciales y sus datos personales exclusivamente dentro de tu organizaci\u00f3n (es decir, s\u00f3lo para uso interno). No debes transferir, vender, compartir, regalar ni publicar ning\u00fan dato personal de estos clientes potenciales a terceros u organizaciones externas. Eres el \u00fanico responsable del almacenamiento seguro de dichos datos personales y de protegerlos de cualquier filtraci\u00f3n o uso indebido. Adem\u00e1s, te comprometes a respetar y salvaguardar los derechos de privacidad de los titulares de los datos contenidos en los clientes potenciales adquiridos, de acuerdo con esta Pol\u00edtica de Privacidad, las leyes de protecci\u00f3n de datos aplicables (incluidas la GDPR y la ley suiza (nFADP)), y cualquier acuerdo que hayas suscrito con Zhwa Zapata Morales.<\/p><h2>9. Transferencias internacionales de datos<\/h2><p>Si transferimos tus datos fuera de Suiza o del Espacio Econ\u00f3mico Europeo (EEE), nos aseguramos de que est\u00e9n protegidos por garant\u00edas adecuadas, como las Cl\u00e1usulas Contractuales Tipo, u otros mecanismos de transferencia v\u00e1lidos reconocidos por el GDPR y la legislaci\u00f3n suiza (nFADP).<\/p><h2>10. Conservaci\u00f3n de datos<\/h2><p>Conservamos tus datos personales s\u00f3lo durante el tiempo necesario para cumplir los fines para los que fueron recogidos, para cumplir con las obligaciones legales, resolver disputas y hacer cumplir nuestros acuerdos. Una vez que tus datos ya no sean necesarios, los eliminaremos de forma segura o los anonimizaremos.<\/p><h2>11. Tus derechos<\/h2><p>En virtud del GDPR y de la legislaci\u00f3n suiza aplicable, puedes tener los siguientes derechos en relaci\u00f3n con tus datos personales:<\/p><ul><li><strong>Derecho de acceso:<\/strong> Puedes solicitar una copia de tus datos personales que conservamos.<\/li><li><strong>Derecho de rectificaci\u00f3n:<\/strong> Puedes pedirnos que corrijamos o actualicemos tus datos inexactos o incompletos.<\/li><li><strong>Derecho de supresi\u00f3n (\u00abDerecho al olvido\u00bb):<\/strong> Puedes solicitar la supresi\u00f3n de tus datos personales cuando ya no sean necesarios o cuando el tratamiento sea il\u00edcito.<\/li><li><strong>Derecho a la limitaci\u00f3n del tratamiento:<\/strong> Puedes pedirnos que limitemos el tratamiento de tus datos personales en determinados casos.<\/li><li><strong>Derecho a la portabilidad de datos:<\/strong> Puedes solicitar recibir tus datos personales en un formato estructurado, de uso com\u00fan y lectura mec\u00e1nica, o solicitar que los transfiramos a otro responsable del tratamiento.<\/li><li><strong>Derecho de oposici\u00f3n:<\/strong> Puedes oponerte a determinados tratamientos basados en nuestros intereses leg\u00edtimos, incluido el marketing directo.<\/li><li><strong>Derecho a retirar el consentimiento:<\/strong> Si el tratamiento se basa en el consentimiento, puedes retirarlo en cualquier momento sin que ello afecte a la legalidad del tratamiento anterior a la retirada.<\/li><\/ul><p>Para ejercer estos derechos, ponte en contacto con nosotros en <a href=\"mailto:hello@alead.ch\">hello@alead.ch.<\/a><\/p><h2>12. Seguridad de los datos<\/h2><p>Aplicamos medidas t\u00e9cnicas y organizativas razonables para salvaguardar tus datos personales contra la destrucci\u00f3n accidental o ilegal, la p\u00e9rdida, la alteraci\u00f3n, la revelaci\u00f3n o el acceso no autorizados.<\/p><h2>13. Cambios en esta Pol\u00edtica de Privacidad<\/h2><p>Nos reservamos el derecho a modificar o actualizar esta Pol\u00edtica de Privacidad en cualquier momento. Cualquier cambio se publicar\u00e1 en esta p\u00e1gina con una \u00abFecha de entrada en vigor\u00bb actualizada. El uso continuado de nuestros servicios y sitio web despu\u00e9s de cualquier modificaci\u00f3n indica tu aceptaci\u00f3n de la Pol\u00edtica revisada.<\/p><h2>14. Contacta con nosotros<\/h2><p>Si tienes alguna pregunta, duda o deseas ejercer tus derechos de protecci\u00f3n de datos, ponte en contacto con nosotros en<\/p><address><strong>Zhwa Zapata Morales<\/strong><br \/>Zeughausstrasse 31, 8004 Z\u00fcrich<br \/>Suiza<br \/><a href=\"mailto:info@alead.ch\">info@alead.ch<\/a><\/address><p><strong><br \/>Al utilizar nuestro sitio web y nuestros servicios, reconoces que has le\u00eddo y comprendido esta Pol\u00edtica de privacidad y aceptas regirte por sus t\u00e9rminos.<br \/><\/strong><\/p>\t\t\t\t\t\t\t\t<\/div>\n\t\t\t\t<\/div>\n\t\t\t\t\t<\/div>\n\t\t\t\t<\/div>\n\t\t\t\t<\/div>\n\t\t","protected":false},"excerpt":{"rendered":"<p>Pol\u00edtica de privacidad Fecha de entrada en vigor: 23 de enero de 2025 Zhwa Zapata Morales (\u00abnosotros\u00bb, \u00abnos\u00bb, \u00abnuestro\u00bb) se compromete a proteger y respetar tu privacidad. Procesamos tus datos personales de acuerdo con los requisitos del Reglamento General de Protecci\u00f3n de Datos (RGPD) de la Uni\u00f3n Europea y la Nueva Ley Federal Suiza de&#8230;<\/p>\n","protected":false},"author":1,"featured_media":0,"parent":0,"menu_order":0,"comment_status":"closed","ping_status":"closed","template":"","meta":{"_kadence_starter_templates_imported_post":false,"_kad_post_transparent":"","_kad_post_title":"","_kad_post_layout":"","_kad_post_sidebar_id":"","_kad_post_content_style":"","_kad_post_vertical_padding":"","_kad_post_feature":"","_kad_post_feature_position":"","_kad_post_header":false,"_kad_post_footer":false,"footnotes":""},"class_list":["post-1224","page","type-page","status-publish","hentry"],"_links":{"self":[{"href":"https:\/\/alead.ch\/es\/wp-json\/wp\/v2\/pages\/1224","targetHints":{"allow":["GET"]}}],"collection":[{"href":"https:\/\/alead.ch\/es\/wp-json\/wp\/v2\/pages"}],"about":[{"href":"https:\/\/alead.ch\/es\/wp-json\/wp\/v2\/types\/page"}],"author":[{"embeddable":true,"href":"https:\/\/alead.ch\/es\/wp-json\/wp\/v2\/users\/1"}],"replies":[{"embeddable":true,"href":"https:\/\/alead.ch\/es\/wp-json\/wp\/v2\/comments?post=1224"}],"version-history":[{"count":5,"href":"https:\/\/alead.ch\/es\/wp-json\/wp\/v2\/pages\/1224\/revisions"}],"predecessor-version":[{"id":3605,"href":"https:\/\/alead.ch\/es\/wp-json\/wp\/v2\/pages\/1224\/revisions\/3605"}],"wp:attachment":[{"href":"https:\/\/alead.ch\/es\/wp-json\/wp\/v2\/media?parent=1224"}],"curies":[{"name":"wp","href":"https:\/\/api.w.org\/{rel}","templated":true}]}}