{"id":1220,"date":"2025-01-26T23:05:14","date_gmt":"2025-01-26T22:05:14","guid":{"rendered":"https:\/\/alead.ch\/politica-de-cookies\/"},"modified":"2025-03-02T01:15:47","modified_gmt":"2025-03-02T00:15:47","slug":"politica-cookies","status":"publish","type":"page","link":"https:\/\/alead.ch\/es\/politica-cookies\/","title":{"rendered":"Pol\u00edtica de cookies"},"content":{"rendered":"\t\t<div data-elementor-type=\"wp-page\" data-elementor-id=\"1220\" class=\"elementor elementor-1220 elementor-814\">\n\t\t\t\t<div class=\"elementor-element elementor-element-759a6ca e-flex e-con-boxed e-con e-parent\" data-id=\"759a6ca\" data-element_type=\"container\" data-e-type=\"container\">\n\t\t\t\t\t<div class=\"e-con-inner\">\n\t\t\t\t<div class=\"elementor-element elementor-element-8d8c4b6 elementor-widget elementor-widget-text-editor\" data-id=\"8d8c4b6\" data-element_type=\"widget\" data-e-type=\"widget\" data-widget_type=\"text-editor.default\">\n\t\t\t\t<div class=\"elementor-widget-container\">\n\t\t\t\t\t\t\t\t\t<h1>Pol\u00edtica de cookies<\/h1><p><strong>Fecha de entrada en vigor: 26.01.2025<\/strong><\/p><p>Esta Pol\u00edtica de Cookies explica c\u00f3mo <strong>Zhwa Zapata Morales<\/strong> (\u00abnosotros\u00bb, \u00abnos\u00bb o \u00abnuestro\u00bb) utiliza las cookies y tecnolog\u00edas similares para reconocerte cuando visitas nuestro sitio web en <strong>alead.ch o zhwa.ch<\/strong>. <strong style=\"text-align: var(--text-align); background-color: transparent; color: var(--global-palette4); font-family: var(--global-body-font-family);\">Propiedad:<\/strong> <span style=\"text-align: var(--text-align); background-color: transparent; color: var(--global-palette4); font-family: var(--global-body-font-family);\">Alead.ch es propiedad de Zhwa Zapata Morales. <\/span><span style=\"text-align: var(--text-align); background-color: transparent; color: var(--global-palette4); font-family: var(--global-body-font-family);\">Explica qu\u00e9 son estas tecnolog\u00edas y por qu\u00e9 las utilizamos, as\u00ed como tus derechos a controlar el uso que hacemos de ellas.<\/span><\/p><h2>1. \u00bfQu\u00e9 son las cookies?<\/h2><p>Las cookies son peque\u00f1os archivos de datos que se colocan en tu ordenador o dispositivo m\u00f3vil cuando visitas un sitio web. Los propietarios de sitios web utilizan ampliamente las cookies para que sus sitios web funcionen de forma m\u00e1s eficiente, as\u00ed como para proporcionar informaci\u00f3n de informes.<\/p><h2>2. Tipos de cookies que utilizamos<\/h2><ul><li><strong>Cookies esenciales:<\/strong> Estas cookies son estrictamente necesarias para proporcionarte los servicios disponibles a trav\u00e9s de nuestro sitio web y para utilizar algunas de sus funciones, como el acceso a \u00e1reas seguras.<\/li><li><strong>Cookies de rendimiento y an\u00e1lisis:<\/strong> Estas cookies recopilan informaci\u00f3n sobre c\u00f3mo utilizan los visitantes un sitio web, por ejemplo, qu\u00e9 p\u00e1ginas visitan los usuarios con m\u00e1s frecuencia.<\/li><li><strong>Cookies funcionales:<\/strong> Estas cookies permiten al sitio web recordar las elecciones que haces y proporcionar funciones mejoradas y m\u00e1s personales.<\/li><li><strong>Cookies de orientaci\u00f3n o publicidad:<\/strong> Estas cookies se utilizan para ofrecer publicidad m\u00e1s relevante para ti y tus intereses.<\/li><\/ul><h2>3. Por qu\u00e9 utilizamos cookies<\/h2><p>Utilizamos cookies para:<\/p><ul><li>Hacer que nuestro sitio web funcione correctamente.<\/li><li>Comprender y mejorar la experiencia del usuario.<\/li><li>Analiza el tr\u00e1fico y las tendencias del sitio.<\/li><li>Ofrecer publicidad o contenidos relevantes a los usuarios.<\/li><\/ul><h2>4. Cookies de terceros<\/h2><p>Adem\u00e1s de nuestras propias cookies, tambi\u00e9n podemos utilizar varias cookies de terceros para informar de las estad\u00edsticas de uso del sitio web, ofrecer anuncios en el sitio y a trav\u00e9s de \u00e9l, etc. Estas cookies de terceros se rigen por las pol\u00edticas de privacidad o de cookies de dichos terceros.<\/p><h2>5. Gesti\u00f3n de cookies<\/h2><p>Tienes derecho a decidir si aceptas o rechazas las cookies. La mayor\u00eda de los navegadores te permiten rechazar las cookies o eliminarlas. Ten en cuenta que si decides rechazar las cookies, es posible que no puedas utilizar todas las funciones de nuestro sitio web. Para obtener m\u00e1s informaci\u00f3n sobre c\u00f3mo gestionar las cookies, consulta la funci\u00f3n \u00abAyuda\u00bb de tu navegador.<\/p><h2>6. Cambios en esta Pol\u00edtica de Cookies<\/h2><p>Podemos actualizar esta Pol\u00edtica de Cookies de vez en cuando para reflejar los cambios en las cookies que utilizamos o por razones operativas, legales o reglamentarias. Por favor, revisa esta Pol\u00edtica de Cookies regularmente para mantenerte informado.<\/p><h2>7. Contacta con nosotros<\/h2><p>Si tienes alguna pregunta sobre nuestro uso de cookies u otras tecnolog\u00edas, env\u00edanos un correo electr\u00f3nico a <a href=\"mailto:info@alead.ch\"><strong>info@alead.ch<\/strong><\/a> o por correo postal a<\/p><address>Zhwa Zapata Morales<br \/>Zeughausstrasse 31<br \/>8004, Z\u00fcrich<br \/>Suiza<\/address>\t\t\t\t\t\t\t\t<\/div>\n\t\t\t\t<\/div>\n\t\t\t\t\t<\/div>\n\t\t\t\t<\/div>\n\t\t\t\t<\/div>\n\t\t","protected":false},"excerpt":{"rendered":"<p>Pol\u00edtica de cookies Fecha de entrada en vigor: 26.01.2025 Esta Pol\u00edtica de Cookies explica c\u00f3mo Zhwa Zapata Morales (\u00abnosotros\u00bb, \u00abnos\u00bb o \u00abnuestro\u00bb) utiliza las cookies y tecnolog\u00edas similares para reconocerte cuando visitas nuestro sitio web en alead.ch o zhwa.ch. Propiedad: Alead.ch es propiedad de Zhwa Zapata Morales. Explica qu\u00e9 son estas tecnolog\u00edas y por qu\u00e9&#8230;<\/p>\n","protected":false},"author":1,"featured_media":0,"parent":0,"menu_order":0,"comment_status":"closed","ping_status":"closed","template":"","meta":{"_kadence_starter_templates_imported_post":false,"_kad_post_transparent":"","_kad_post_title":"","_kad_post_layout":"","_kad_post_sidebar_id":"","_kad_post_content_style":"","_kad_post_vertical_padding":"","_kad_post_feature":"","_kad_post_feature_position":"","_kad_post_header":false,"_kad_post_footer":false,"footnotes":""},"class_list":["post-1220","page","type-page","status-publish","hentry"],"_links":{"self":[{"href":"https:\/\/alead.ch\/es\/wp-json\/wp\/v2\/pages\/1220","targetHints":{"allow":["GET"]}}],"collection":[{"href":"https:\/\/alead.ch\/es\/wp-json\/wp\/v2\/pages"}],"about":[{"href":"https:\/\/alead.ch\/es\/wp-json\/wp\/v2\/types\/page"}],"author":[{"embeddable":true,"href":"https:\/\/alead.ch\/es\/wp-json\/wp\/v2\/users\/1"}],"replies":[{"embeddable":true,"href":"https:\/\/alead.ch\/es\/wp-json\/wp\/v2\/comments?post=1220"}],"version-history":[{"count":5,"href":"https:\/\/alead.ch\/es\/wp-json\/wp\/v2\/pages\/1220\/revisions"}],"predecessor-version":[{"id":3608,"href":"https:\/\/alead.ch\/es\/wp-json\/wp\/v2\/pages\/1220\/revisions\/3608"}],"wp:attachment":[{"href":"https:\/\/alead.ch\/es\/wp-json\/wp\/v2\/media?parent=1220"}],"curies":[{"name":"wp","href":"https:\/\/api.w.org\/{rel}","templated":true}]}}