{"id":1223,"date":"2025-01-26T23:05:14","date_gmt":"2025-01-26T22:05:14","guid":{"rendered":"https:\/\/alead.ch\/cookie-richtlinie\/"},"modified":"2025-01-28T20:55:30","modified_gmt":"2025-01-28T19:55:30","slug":"cookie-richtlinie","status":"publish","type":"page","link":"https:\/\/alead.ch\/de\/cookie-richtlinie\/","title":{"rendered":"Cookie-Richtlinie"},"content":{"rendered":"\t\t<div data-elementor-type=\"wp-page\" data-elementor-id=\"1223\" class=\"elementor elementor-1223 elementor-814\">\n\t\t\t\t<div class=\"elementor-element elementor-element-759a6ca e-flex e-con-boxed e-con e-parent\" data-id=\"759a6ca\" data-element_type=\"container\" data-e-type=\"container\">\n\t\t\t\t\t<div class=\"e-con-inner\">\n\t\t\t\t<div class=\"elementor-element elementor-element-8d8c4b6 elementor-widget elementor-widget-text-editor\" data-id=\"8d8c4b6\" data-element_type=\"widget\" data-e-type=\"widget\" data-widget_type=\"text-editor.default\">\n\t\t\t\t<div class=\"elementor-widget-container\">\n\t\t\t\t\t\t\t\t\t<h1>Cookie-Richtlinie<\/h1>\n<p><strong>Datum des Inkrafttretens: 26.01.2025<\/strong><\/p>\n<p>Diese Cookie-Richtlinie erkl\u00e4rt, wie <strong>Zhwa Zapata Morales<\/strong> (&#8222;wir&#8220;, &#8222;uns&#8220; oder &#8222;unser&#8220;) Cookies und \u00e4hnliche Technologien verwendet, um Sie zu erkennen, wenn Sie unsere Website <strong>alead.ch oder zhwa.ch<\/strong> besuchen. <strong style=\"text-align: var(--text-align); background-color: transparent; color: var(--global-palette4); font-family: var(--global-body-font-family);\">Eigentumsverh\u00e4ltnisse:<\/strong><span style=\"text-align: var(--text-align); background-color: transparent; color: var(--global-palette4); font-family: var(--global-body-font-family);\"> <\/span><span style=\"text-align: var(--text-align); background-color: transparent; color: var(--global-palette4); font-family: var(--global-body-font-family);\">Alead.ch ist Eigentum von Zhwa Zapata Morales. <\/span><span style=\"text-align: var(--text-align); background-color: transparent; color: var(--global-palette4); font-family: var(--global-body-font-family);\">Sie erkl\u00e4rt, was diese Technologien sind und warum wir sie verwenden, sowie Ihre Rechte, unsere Verwendung zu kontrollieren.<\/span><\/p>\n<h2>1. Was sind Cookies?<\/h2>\n<p>Cookies sind kleine Datendateien, die auf Ihrem Computer oder Mobilger\u00e4t gespeichert werden, wenn Sie eine Website besuchen. Cookies werden von Website-Betreibern h\u00e4ufig verwendet, um ihre Websites effizienter zu gestalten und um Informationen f\u00fcr die Berichterstattung bereitzustellen.<\/p>\n<h2>2. Arten von Cookies, die wir verwenden<\/h2>\n<ul>\n<li><strong>Wesentliche Cookies:<\/strong> Diese Cookies sind unbedingt erforderlich, um Ihnen die \u00fcber unsere Website verf\u00fcgbaren Dienste zur Verf\u00fcgung zu stellen und einige ihrer Funktionen zu nutzen, z. B. den Zugang zu sicheren Bereichen.<\/li>\n<li><strong>Leistungs- und Analyse-Cookies:<\/strong> Diese Cookies sammeln Informationen dar\u00fcber, wie Besucher eine Website nutzen, z.B. welche Seiten am h\u00e4ufigsten besucht werden.<\/li>\n<li><strong>Funktionale Cookies:<\/strong> Diese Cookies erm\u00f6glichen es der Website, sich an die von Ihnen getroffenen Entscheidungen zu erinnern und verbesserte, pers\u00f6nlichere Funktionen anzubieten.<\/li>\n<li><strong>Targeting- oder Werbe-Cookies:<\/strong> Diese Cookies werden verwendet, um Werbung zu liefern, die f\u00fcr Sie und Ihre Interessen relevanter ist.<\/li>\n<\/ul>\n<h2>3. Warum wir Cookies verwenden<\/h2>\n<p>Wir verwenden Cookies, um:<\/p>\n<ul>\n<li>Sorgen Sie daf\u00fcr, dass unsere Website richtig funktioniert.<\/li>\n<li>Verstehen und verbessern Sie das Benutzererlebnis.<\/li>\n<li>Analysieren Sie Website-Verkehr und Trends.<\/li>\n<li>Liefern Sie relevante Werbung oder Inhalte an Nutzer.<\/li>\n<\/ul>\n<h2>4. Cookies von Drittanbietern<\/h2>\n<p>Zus\u00e4tzlich zu unseren eigenen Cookies k\u00f6nnen wir auch verschiedene Cookies von Dritten verwenden, um Nutzungsstatistiken der Website zu erstellen, Werbung auf und \u00fcber die Website zu schalten usw. Diese Cookies von Drittanbietern unterliegen den Datenschutz- oder Cookie-Richtlinien der jeweiligen Drittanbieter.<\/p>\n<h2>5. Cookies verwalten<\/h2>\n<p>Sie haben das Recht zu entscheiden, ob Sie Cookies akzeptieren oder ablehnen. Bei den meisten Browsern k\u00f6nnen Sie Cookies ablehnen oder entfernen. Bitte beachten Sie, dass Sie m\u00f6glicherweise nicht die volle Funktionalit\u00e4t unserer Website nutzen k\u00f6nnen, wenn Sie Cookies ablehnen. Weitere Informationen zur Verwaltung von Cookies finden Sie in der &#8222;Hilfe&#8220;-Funktion Ihres Browsers.<\/p>\n<h2>6. \u00c4nderungen an dieser Cookie-Richtlinie<\/h2>\n<p>Wir k\u00f6nnen diese Cookie-Richtlinie von Zeit zu Zeit aktualisieren, um \u00c4nderungen an den von uns verwendeten Cookies zu ber\u00fccksichtigen oder aus betrieblichen, rechtlichen oder regulatorischen Gr\u00fcnden. Bitte lesen Sie diese Cookie-Richtlinie regelm\u00e4\u00dfig, um auf dem Laufenden zu bleiben.<\/p>\n<h2>7. Kontaktieren Sie uns<\/h2>\n<p>Wenn Sie Fragen zu unserer Verwendung von Cookies oder anderen Technologien haben, senden Sie uns bitte eine E-Mail an <a href=\"mailto:info@alead.ch\"><strong>info@alead.ch<\/strong><\/a> oder per Post an:<\/p>\n<address>Zhwa Zapata Morales<br \/>Zeughausstrasse 31<br \/>8004, Z\u00fcrich<br \/>Schweiz<\/address>\n\t\t\t\t\t\t\t\t<\/div>\n\t\t\t\t<\/div>\n\t\t\t\t\t<\/div>\n\t\t\t\t<\/div>\n\t\t\t\t<\/div>\n\t\t","protected":false},"excerpt":{"rendered":"<p>Cookie-Richtlinie Datum des Inkrafttretens: 26.01.2025 Diese Cookie-Richtlinie erkl\u00e4rt, wie Zhwa Zapata Morales (&#8222;wir&#8220;, &#8222;uns&#8220; oder &#8222;unser&#8220;) Cookies und \u00e4hnliche Technologien verwendet, um Sie zu erkennen, wenn Sie unsere Website alead.ch oder zhwa.ch besuchen. Eigentumsverh\u00e4ltnisse: Alead.ch ist Eigentum von Zhwa Zapata Morales. Sie erkl\u00e4rt, was diese Technologien sind und warum wir sie verwenden, sowie Ihre Rechte,&#8230;<\/p>\n","protected":false},"author":1,"featured_media":0,"parent":0,"menu_order":0,"comment_status":"closed","ping_status":"closed","template":"","meta":{"_kadence_starter_templates_imported_post":false,"_kad_post_transparent":"","_kad_post_title":"","_kad_post_layout":"","_kad_post_sidebar_id":"","_kad_post_content_style":"","_kad_post_vertical_padding":"","_kad_post_feature":"","_kad_post_feature_position":"","_kad_post_header":false,"_kad_post_footer":false,"footnotes":""},"class_list":["post-1223","page","type-page","status-publish","hentry"],"_links":{"self":[{"href":"https:\/\/alead.ch\/de\/wp-json\/wp\/v2\/pages\/1223","targetHints":{"allow":["GET"]}}],"collection":[{"href":"https:\/\/alead.ch\/de\/wp-json\/wp\/v2\/pages"}],"about":[{"href":"https:\/\/alead.ch\/de\/wp-json\/wp\/v2\/types\/page"}],"author":[{"embeddable":true,"href":"https:\/\/alead.ch\/de\/wp-json\/wp\/v2\/users\/1"}],"replies":[{"embeddable":true,"href":"https:\/\/alead.ch\/de\/wp-json\/wp\/v2\/comments?post=1223"}],"version-history":[{"count":2,"href":"https:\/\/alead.ch\/de\/wp-json\/wp\/v2\/pages\/1223\/revisions"}],"predecessor-version":[{"id":1704,"href":"https:\/\/alead.ch\/de\/wp-json\/wp\/v2\/pages\/1223\/revisions\/1704"}],"wp:attachment":[{"href":"https:\/\/alead.ch\/de\/wp-json\/wp\/v2\/media?parent=1223"}],"curies":[{"name":"wp","href":"https:\/\/api.w.org\/{rel}","templated":true}]}}